{"id":14,"date":"2024-01-21T09:59:21","date_gmt":"2024-01-21T09:59:21","guid":{"rendered":"https:\/\/isolutions-tn.com\/?page_id=14"},"modified":"2025-04-24T00:40:33","modified_gmt":"2025-04-24T00:40:33","slug":"references","status":"publish","type":"page","link":"https:\/\/isolutions-tn.com\/index.php\/references\/","title":{"rendered":"R\u00e9f\u00e9rences"},"content":{"rendered":"\n<h1 class=\"wp-block-heading has-large-font-size\">Quelques R\u00e9f\u00e9rences par Secteur<\/h1>\n\n\n\n<h2 class=\"wp-block-heading\">Sant\u00e9<\/h2>\n\n\n\n<ul class=\"wp-block-list\">\n<li>H\u00f4pital Militaire (HMPIT)<\/li>\n\n\n\n<li>CNMT (Centre National de Mat\u00e9rnit\u00e9 La Rabta)<\/li>\n<\/ul>\n\n\n\n<h2 class=\"wp-block-heading\">Tourisme<\/h2>\n\n\n\n<ul class=\"wp-block-list\">\n<li>Voyage Tunisie<\/li>\n\n\n\n<li>H\u00f4tel Les Colombes<\/li>\n\n\n\n<li>H\u00f4tel Albatros<\/li>\n\n\n\n<li>H\u00f4tel Les Citronniers<\/li>\n\n\n\n<li>Ifriqya Travel<\/li>\n<\/ul>\n\n\n\n<h2 class=\"wp-block-heading\">Recouvrement de Cr\u00e9ances<\/h2>\n\n\n\n<ul class=\"wp-block-list\">\n<li><strong>Maroc Cr\u00e9ances<\/strong> &#8211; Recouvrement de Cr\u00e9ances &#8211; Maroc<\/li>\n\n\n\n<li><strong>Codex SWR<\/strong> &#8211; Recouvrement de Cr\u00e9ances &#8211; C\u00f4te d&rsquo;Ivoire<\/li>\n\n\n\n<li><strong>STRC<\/strong> &#8211; Soci\u00e9t\u00e9 Tunisie de Recouvrement des Cr\u00e9ances &#8211; Filiale STB<\/li>\n\n\n\n<li><strong>STB-SICAR<\/strong> &#8211; Filiale STB<\/li>\n\n\n\n<li><strong>IRC<\/strong> &#8211; Filiale UIB<\/li>\n\n\n\n<li><strong>Elistifa<\/strong> &#8211; Filiale BTK<\/li>\n\n\n\n<li><strong>Maghreb Recouvrement<\/strong><\/li>\n\n\n\n<li><strong>BAT<\/strong> &#8211; Banque d&rsquo;Affaire de Tunisie<\/li>\n\n\n\n<li><strong>BH-REC<\/strong> &#8211; BH Recouvrement &#8211; Filiale BH<\/li>\n\n\n\n<li><strong>Sofinrec<\/strong> &#8211; Soci\u00e9t\u00e9 Financi\u00e8re de Recouvrement &#8211; Filiale BNA<\/li>\n\n\n\n<li><strong>Rapid Recouvrement<\/strong> &#8211; Filiale BTE<\/li>\n\n\n\n<li><strong>Partenaire Recouvrement<\/strong><\/li>\n\n\n\n<li><strong>TQR<\/strong> &#8211; Tunisie Qatari pour le recouvrement &#8211; Filiale QNB<\/li>\n\n\n\n<li><strong>Comare<\/strong> &#8211; Filiale BTL<\/li>\n\n\n\n<li><strong>Tunisie Recouvrement<\/strong><\/li>\n\n\n\n<li><strong>CRC<\/strong> &#8211; La Centrale de Recouvrement de Cr\u00e9ances<\/li>\n\n\n\n<li><strong>GR<\/strong> &#8211; Global Recouvrement<\/li>\n<\/ul>\n\n\n\n<h2 class=\"wp-block-heading\">Industrie<\/h2>\n\n\n\n<ul class=\"wp-block-list\">\n<li><strong>Groupe Loukil<\/strong><\/li>\n\n\n\n<li><strong>PARENIN<\/strong> &#8211; CATERPILLAR &#8211; JHON DEERE<\/li>\n\n\n\n<li><strong>Topoliva<\/strong> &#8211; Huilerie<\/li>\n\n\n\n<li><strong>Dufry<\/strong> &#8211; Free shop<\/li>\n<\/ul>\n\n\n\n<h2 class=\"wp-block-heading\">Services<\/h2>\n\n\n\n<ul class=\"wp-block-list\">\n<li><strong>Tunisie Informatique Service (TIS)<\/strong> &#8211; Filiale BNA<\/li>\n\n\n\n<li><strong>Sivia<\/strong> &#8211; Filiale BNA<\/li>\n\n\n\n<li><strong>CAO<\/strong> &#8211; Cabinet Audit et Organisation<\/li>\n\n\n\n<li><strong>Cabinet Abdelaziz Mama<\/strong><\/li>\n\n\n\n<li><strong>GAC<\/strong> &#8211; G\u00e9n\u00e9ral Audit et Conseil<\/li>\n<\/ul>\n\n\n\n<h2 class=\"wp-block-heading\">Autres<\/h2>\n\n\n\n<ul class=\"wp-block-list\">\n<li><strong>Socamaco<\/strong><\/li>\n\n\n\n<li><strong>Coin-Nehdi<\/strong><\/li>\n\n\n\n<li><strong>Siatt<\/strong><\/li>\n\n\n\n<li><strong>Sevac Ceramic<\/strong><\/li>\n\n\n\n<li><strong>IORT<\/strong> &#8211; Imprimerie Officielle de la R.Tunisienne<\/li>\n\n\n\n<li><strong>TAP<\/strong> &#8211; Agence Tunis Afrique Presse<\/li>\n\n\n\n<li><strong>CAPJC<\/strong> &#8211; Centre Africain de Perf. des Journalistes &amp; Com.<\/li>\n\n\n\n<li><strong>CGA<\/strong> &#8211; Comit\u00e9 G\u00e9n\u00e9ral des Assurances<\/li>\n<\/ul>\n\n\n\n<p><\/p>\n","protected":false},"excerpt":{"rendered":"<p>Quelques R\u00e9f\u00e9rences par Secteur Sant\u00e9 Tourisme Recouvrement de Cr\u00e9ances Industrie Services Autres<\/p>\n","protected":false},"author":1,"featured_media":0,"parent":0,"menu_order":0,"comment_status":"closed","ping_status":"closed","template":"","meta":{"footnotes":""},"class_list":["post-14","page","type-page","status-publish","hentry"],"jetpack_sharing_enabled":true,"_links":{"self":[{"href":"https:\/\/isolutions-tn.com\/index.php\/wp-json\/wp\/v2\/pages\/14","targetHints":{"allow":["GET"]}}],"collection":[{"href":"https:\/\/isolutions-tn.com\/index.php\/wp-json\/wp\/v2\/pages"}],"about":[{"href":"https:\/\/isolutions-tn.com\/index.php\/wp-json\/wp\/v2\/types\/page"}],"author":[{"embeddable":true,"href":"https:\/\/isolutions-tn.com\/index.php\/wp-json\/wp\/v2\/users\/1"}],"replies":[{"embeddable":true,"href":"https:\/\/isolutions-tn.com\/index.php\/wp-json\/wp\/v2\/comments?post=14"}],"version-history":[{"count":7,"href":"https:\/\/isolutions-tn.com\/index.php\/wp-json\/wp\/v2\/pages\/14\/revisions"}],"predecessor-version":[{"id":507,"href":"https:\/\/isolutions-tn.com\/index.php\/wp-json\/wp\/v2\/pages\/14\/revisions\/507"}],"wp:attachment":[{"href":"https:\/\/isolutions-tn.com\/index.php\/wp-json\/wp\/v2\/media?parent=14"}],"curies":[{"name":"wp","href":"https:\/\/api.w.org\/{rel}","templated":true}]}}