{"id":49,"date":"2024-01-21T15:14:58","date_gmt":"2024-01-21T15:14:58","guid":{"rendered":"https:\/\/isolutions-tn.com\/?page_id=49"},"modified":"2025-04-24T23:17:41","modified_gmt":"2025-04-24T23:17:41","slug":"winrecouvrement","status":"publish","type":"page","link":"https:\/\/isolutions-tn.com\/index.php\/winrecouvrement\/","title":{"rendered":"WinRecouvrement"},"content":{"rendered":"\n<h2 class=\"wp-block-heading\">Gestion des dossiers de cr\u00e9ances et&nbsp;Recouvrement<\/h2>\n\n\n\n<p>Gestion compl\u00e8tes des dossiers d\u00e9biteurs, Suivi Contentieux &amp; Amiable,&nbsp;<strong>Facturation<\/strong>, Rappels, Auto\u00e9valuation, Etats statistiques;&nbsp;<strong>Recouvrement pour compte<\/strong>,&nbsp;<strong>Plans d&rsquo;action<\/strong>,&nbsp;<strong>Communication<\/strong>,&nbsp;<strong>GED<\/strong>, &nbsp;&#8230;<\/p>\n\n\n\n<h4 class=\"wp-block-heading\">::: PLUS DE 15 R\u00c9F\u00c9RENCES DONT 7 FILIALES DE BANQUES :::&nbsp;<\/h4>\n\n\n\n<p>Pr\u00e9sentation : Ex\u00e9cution d&rsquo;un Plan d&rsquo;action par la m\u00e9thode \u00ab\u00a0Kanban\u00a0\u00bb.<\/p>\n\n\n\n<figure class=\"wp-block-embed is-type-video is-provider-youtube wp-block-embed-youtube wp-embed-aspect-16-9 wp-has-aspect-ratio\"><div class=\"wp-block-embed__wrapper\">\n<div class='embed-container'><iframe title=\"WinRecouvrement 2021\" width=\"1920\" height=\"1080\" src=\"https:\/\/www.youtube.com\/embed\/ZimVPAhvzg8?feature=oembed\" frameborder=\"0\" allow=\"accelerometer; autoplay; clipboard-write; encrypted-media; gyroscope; picture-in-picture; web-share\" referrerpolicy=\"strict-origin-when-cross-origin\" allowfullscreen><\/iframe><\/div>\n<\/div><\/figure>\n\n\n\n<p><strong>WinRecouvrement<\/strong>&nbsp;est un syst\u00e8me complet de gestion et de recouvrement des cr\u00e9ances. Destin\u00e9s aux soci\u00e9t\u00e9s et aux services de recouvrement,&nbsp;<strong>WinRecouvrement<\/strong>&nbsp;offre&nbsp; un environnement collaboratif pour la r\u00e9solution des impay\u00e9s quelques soit l\u2019\u00e9tape de d\u00e9part (amiable, contentieux ou ex\u00e9cution) et quelque soit le degr\u00e9 de complexit\u00e9 des dossiers (des petits impay\u00e9s \u00e0 traiter en masse aux gros engagements compos\u00e9s).&nbsp;<strong>WinRecouvrement<\/strong>&nbsp;sera votre compagnon pour transformer les impay\u00e9s en cash, et les dossiers dormants en dossiers apur\u00e9s\/r\u00e9solus.<\/p>\n\n\n\n<p>&nbsp;Avec WinRecouvrement,<\/p>\n\n\n\n<p>il ne s&rsquo;agit pas seulement de g\u00e9rer des cr\u00e9ances, mais de mettre en place des strat\u00e9gies de recouvrement, de suivre leurs ex\u00e9cution, de g\u00e9rer des flux financiers et les comptabiliser, de g\u00e9rer des documents, de d\u00e9clarer ces cr\u00e9ances \u00e0 la banque centrale.<\/p>\n\n\n\n<p class=\"has-text-align-left\"><strong>WinRecouvrement est le syst\u00e8me id\u00e9al<\/strong> <strong>pour les soci\u00e9t\u00e9s et les services de recouvrement.<\/strong><\/p>\n\n\n\n<h3 class=\"wp-block-heading\"><strong><mark style=\"background-color:rgba(0, 0, 0, 0)\" class=\"has-inline-color has-vivid-red-color\">Performance<\/mark><\/strong><\/h3>\n\n\n\n<p><strong>WinRecouvrement<\/strong>&nbsp;offre tous les outils n\u00e9cessaires aux charg\u00e9s pour traiter leurs dossiers efficacement et dans les moindres d\u00e9lais.<\/p>\n\n\n\n<p class=\"has-text-align-center\"><strong><em>\u00ab&nbsp;Le commencement c\u2019est par une Information Fiable&nbsp;\u00bb<\/em><\/strong><\/p>\n\n\n\n<p>Les dossiers de cr\u00e9ances dans&nbsp;<strong>WinRecouvrement<\/strong>&nbsp;peuvent \u00eatre de simples fiches d\u00e9biteurs, ou des dossiers complets avec une Identification compl\u00e8te, une localisation juste, des r\u00e9f\u00e9rences bancaires, des Engagements d\u00e9taill\u00e9s et actualis\u00e9s, des Garanties et Patrimoine, \u2026<\/p>\n\n\n\n<p>Le portefeuille de la soci\u00e9t\u00e9 peut \u00eatre segment\u00e9 selon plusieurs crit\u00e8res (nature, zone, cr\u00e9ancier, charg\u00e9, montants, \u2026)<\/p>\n\n\n\n<h3 class=\"wp-block-heading\"><mark style=\"background-color:rgba(0, 0, 0, 0)\" class=\"has-inline-color has-vivid-red-color\"><strong>Outils<\/strong>&nbsp;<\/mark>:<\/h3>\n\n\n\n<p><strong>Gestion du courrier<\/strong>&nbsp;relatif aux dossiers de cr\u00e9ances avec int\u00e9gration directe au syst\u00e8me de recouvrement en lan\u00e7ant l\u2019action appropri\u00e9e&nbsp;; Le charg\u00e9 n\u2019a plus qu\u2019\u00e0 suivre les actions ouvertes automatiquement et engager les actions trac\u00e9es par&nbsp; la strat\u00e9gie de recouvrement.<\/p>\n\n\n\n<p><strong>Notifications, Relance<\/strong>&nbsp;d\u00e9biteurs, Relance Tiers, Rappels des actions \u00e0 faire, sont&nbsp; mis \u00e0 disposition des charg\u00e9s afin donner vie aux dossiers et faciliter leurs r\u00e9solution.<\/p>\n\n\n\n<p><strong>Une gestion financi\u00e8re<\/strong>&nbsp;compl\u00e8te permettant de suivre les frais et les encaissements et de les&nbsp; rattacher aux \u00e9l\u00e9ments appropri\u00e9s (Actions, Tiers, Engagements, Arrangements, Garanties, \u2026).<\/p>\n\n\n\n<p><strong><a href=\"http:\/\/www.isolutions-tn.com\/images\/multithumb_thumbs\/b_0_0_0_10_images_Shemas_Facture.jpg\" target=\"_blank\" rel=\"noreferrer noopener\"><\/a>La facturation<\/strong>&nbsp;est une fonctionnalit\u00e9 importante pour les recouvrements pour compte de Tiers.&nbsp;<strong>WinRecouvrement<\/strong>&nbsp;permet l\u2019\u00e9tablissement des factures bas\u00e9es sur les frais, sur les PV ou sur les recouvrements recueillis. &nbsp;Ce module permet de suivre les \u00e9l\u00e9ments factur\u00e9s et les \u00e9l\u00e9ments non factur\u00e9s (frais, encaissement, frais d\u2019ouverture, PV de carence). Des \u00e9tats de facturation sont&nbsp; \u00e0 disposition des financiers et managers pour suivre leur activit\u00e9 financi\u00e8re.<\/p>\n\n\n\n<h3 class=\"wp-block-heading\"><strong><mark style=\"background-color:rgba(0, 0, 0, 0)\" class=\"has-inline-color has-vivid-red-color\">M\u00e9thode, Efficacit\u00e9<\/mark><\/strong><\/h3>\n\n\n\n<p>Le module \u00ab&nbsp;Strat\u00e9gie&nbsp;\u00bb de&nbsp;<strong>WinRecouvrement<\/strong>&nbsp; permet de d\u00e9finir la strat\u00e9gie de recouvrement \u00e0 suivre selon le type de dossier. Ceci est possible gr\u00e2ce \u00e0 un outil de cr\u00e9ation de plans d\u2019action avec d\u00e9lais par \u00e9tape et passage automatique d\u2019une \u00e9tape \u00e0 l\u2019autre selon son statut. Il est possible d\u2019affecter les dossiers par lot aux strat\u00e9gies pr\u00e9d\u00e9finies et de suivre son application par des notifications et des alertes aux charg\u00e9s de dossiers en cas de d\u00e9passement. L&rsquo;ex\u00e9cution de ces plans d&rsquo;action se fait par la m\u00e9thode \u00ab\u00a0<strong>Kanban<\/strong>\u00a0\u00bb pour un maximum d&rsquo;\u00e9fficacit\u00e9 dans les meilleurs d\u00e9lais.<\/p>\n\n\n\n<p class=\"has-text-align-center\"><strong><em>\u00ab&nbsp;Avec&nbsp;<\/em><\/strong><strong><em>WinRecouvrement<\/em><\/strong><strong><em>, vous \u00eates efficaces avec les moindres d\u00e9lais&nbsp;\u00bb<\/em><\/strong><\/p>\n\n\n\n<p><strong>WinRecouvrement<\/strong>&nbsp;offre aux gestionnaires de dossiers et aux managers une panoplie d\u2019\u00e9tats, de tableaux de bord et d\u2019outils de monitoring permettant de suivre l\u2019activit\u00e9 de recouvrement en toute clart\u00e9.<\/p>\n\n\n\n<h3 class=\"wp-block-heading\"><mark style=\"background-color:rgba(0, 0, 0, 0)\" class=\"has-inline-color has-vivid-red-color\"><strong>Collaboratif<\/strong>&nbsp;:<\/mark><\/h3>\n\n\n\n<p>Avec<strong>&nbsp;WinRecouvrement<\/strong>&nbsp;vous diposez d\u2019une messagerie interne entre les charg\u00e9s de dossiers, de notiifications du bureau d\u2019ordre. Le manager d\u2019\u00e9quipe, peut aussi envoyer des notifications ou des ordres de travail aux charg\u00e9s de dossier afin des les orienter dans leur travaux. Des moyens de collaboration externe sont aussi pr\u00e9vus entre la soci\u00e9t\u00e9 de recouvrement et les clients, les sous traitants ou les intervenants externes (avocats, huissiers, experts, \u2026)<\/p>\n\n\n\n<h3 class=\"wp-block-heading\"><strong><mark style=\"background-color:rgba(0, 0, 0, 0)\" class=\"has-inline-color has-vivid-red-color\">Temps R\u00e9el&nbsp;:<\/mark><\/strong><\/h3>\n\n\n<div class=\"wp-block-image\">\n<figure class=\"alignright size-full is-resized\"><img fetchpriority=\"high\" decoding=\"async\" width=\"348\" height=\"775\" src=\"https:\/\/isolutions-tn.com\/wp-content\/uploads\/2025\/04\/Monitoring.png\" alt=\"\" class=\"wp-image-535\" style=\"width:94px;height:auto\" srcset=\"https:\/\/isolutions-tn.com\/wp-content\/uploads\/2025\/04\/Monitoring.png 348w, https:\/\/isolutions-tn.com\/wp-content\/uploads\/2025\/04\/Monitoring-135x300.png 135w\" sizes=\"(max-width: 348px) 100vw, 348px\" \/><\/figure>\n<\/div>\n\n\n<p><strong>WinRecouvrement<\/strong>&nbsp;offre un outil de monitoring en temps r\u00e9el de l\u2019activit\u00e9 globale de la soci\u00e9t\u00e9\/service de recouvrement. Le manager d\u2019\u00e9quipe verra d\u00e9filer en temps r\u00e9el les nouvelles actions introduites, les Frais engag\u00e9s, les encaissements ajout\u00e9s et les factures \u00e9tablies.<\/p>\n\n\n\n<p class=\"has-text-align-center\"><strong><em>\u00ab&nbsp;Avoir l\u2019\u0153il pour bien g\u00e9rer&nbsp;\u00bb<\/em><\/strong><\/p>\n","protected":false},"excerpt":{"rendered":"<p>Gestion des dossiers de cr\u00e9ances et&nbsp;Recouvrement Gestion compl\u00e8tes des dossiers d\u00e9biteurs, Suivi Contentieux &amp; Amiable,&nbsp;Facturation, Rappels, Auto\u00e9valuation, Etats statistiques;&nbsp;Recouvrement pour compte,&nbsp;Plans d&rsquo;action,&nbsp;Communication,&nbsp;GED, &nbsp;&#8230; ::: PLUS DE 15 R\u00c9F\u00c9RENCES DONT 7 FILIALES DE BANQUES :::&nbsp; Pr\u00e9sentation : Ex\u00e9cution d&rsquo;un Plan d&rsquo;action par la m\u00e9thode \u00ab\u00a0Kanban\u00a0\u00bb. WinRecouvrement&nbsp;est un syst\u00e8me complet de gestion et de recouvrement des cr\u00e9ances.&hellip; <br \/> <a class=\"read-more\" href=\"https:\/\/isolutions-tn.com\/index.php\/winrecouvrement\/\">Lire la suite<\/a><\/p>\n","protected":false},"author":1,"featured_media":0,"parent":0,"menu_order":0,"comment_status":"closed","ping_status":"closed","template":"","meta":{"footnotes":""},"class_list":["post-49","page","type-page","status-publish","hentry"],"jetpack_sharing_enabled":true,"_links":{"self":[{"href":"https:\/\/isolutions-tn.com\/index.php\/wp-json\/wp\/v2\/pages\/49","targetHints":{"allow":["GET"]}}],"collection":[{"href":"https:\/\/isolutions-tn.com\/index.php\/wp-json\/wp\/v2\/pages"}],"about":[{"href":"https:\/\/isolutions-tn.com\/index.php\/wp-json\/wp\/v2\/types\/page"}],"author":[{"embeddable":true,"href":"https:\/\/isolutions-tn.com\/index.php\/wp-json\/wp\/v2\/users\/1"}],"replies":[{"embeddable":true,"href":"https:\/\/isolutions-tn.com\/index.php\/wp-json\/wp\/v2\/comments?post=49"}],"version-history":[{"count":4,"href":"https:\/\/isolutions-tn.com\/index.php\/wp-json\/wp\/v2\/pages\/49\/revisions"}],"predecessor-version":[{"id":536,"href":"https:\/\/isolutions-tn.com\/index.php\/wp-json\/wp\/v2\/pages\/49\/revisions\/536"}],"wp:attachment":[{"href":"https:\/\/isolutions-tn.com\/index.php\/wp-json\/wp\/v2\/media?parent=49"}],"curies":[{"name":"wp","href":"https:\/\/api.w.org\/{rel}","templated":true}]}}