{"id":52,"date":"2024-01-21T15:14:58","date_gmt":"2024-01-21T15:14:58","guid":{"rendered":"https:\/\/isolutions-tn.com\/?page_id=52"},"modified":"2025-04-23T23:51:49","modified_gmt":"2025-04-23T23:51:49","slug":"winparc","status":"publish","type":"page","link":"https:\/\/isolutions-tn.com\/index.php\/winparc\/","title":{"rendered":"WinParc"},"content":{"rendered":"\n<h2 class=\"wp-block-heading\"><strong>Gestion et Suivi de Parc V\u00e9hicule<\/strong><\/h2>\n\n\n<div class=\"wp-block-image\">\n<figure class=\"aligncenter size-full is-resized\"><img fetchpriority=\"high\" decoding=\"async\" width=\"940\" height=\"628\" src=\"https:\/\/isolutions-tn.com\/wp-content\/uploads\/2025\/04\/Parc-Maintenance-02.jpg\" alt=\"\" class=\"wp-image-475\" style=\"width:342px;height:auto\" srcset=\"https:\/\/isolutions-tn.com\/wp-content\/uploads\/2025\/04\/Parc-Maintenance-02.jpg 940w, https:\/\/isolutions-tn.com\/wp-content\/uploads\/2025\/04\/Parc-Maintenance-02-300x200.jpg 300w, https:\/\/isolutions-tn.com\/wp-content\/uploads\/2025\/04\/Parc-Maintenance-02-768x513.jpg 768w\" sizes=\"(max-width: 940px) 100vw, 940px\" \/><figcaption class=\"wp-element-caption\">WinParc, Gestion de Parc auto<\/figcaption><\/figure>\n<\/div>\n\n\n<p><strong>V\u00e9hicules, Personnels, Missions, Frais, Entretien Pr\u00e9ventif et Curatif, &#8230;<\/strong><\/p>\n\n\n\n<p>Gestion de tout type de v\u00e9hicules, Gestion des employ\u00e9s, des Missions et des Frais.<\/p>\n\n\n\n<p>Gestion des Entretiens Pr\u00e9ventifs et Curatifs., Alertes, &#8230;<strong><\/strong><\/p>\n\n\n\n<p><strong>Les principales fonctionnalit\u00e9s<\/strong><\/p>\n\n\n\n<ul class=\"wp-block-list\">\n<li><strong>Param\u00e8tres de base<\/strong>\n<ul class=\"wp-block-list\">\n<li>Gestion des V\u00e9hicules, Marques, Familles,<\/li>\n\n\n\n<li>Gestion des Indicateurs de suivi param\u00e9trable (Ech\u00e9ances d\u2019entretien, de visites techniques, Kilom\u00e9trages, \u2026)<\/li>\n\n\n\n<li>Gestion des consommables, des pi\u00e8ces de rechange, &#8230;<\/li>\n\n\n\n<li>Gestion du personnel du parc auto, Affectation, Responsables<\/li>\n\n\n\n<li>Gestion des fournisseurs<\/li>\n\n\n\n<li>Gestion des Pannes par type<\/li>\n\n\n\n<li>D\u00e9finition des Op\u00e9ration d\u2019interventions sur les v\u00e9hicules (Carburant, Huiles, R\u00e9parations, Visites, \u2026)<\/li>\n\n\n\n<li>Gestion des Destinations<\/li>\n<\/ul>\n<\/li>\n\n\n\n<li><strong>Gestion du parc<\/strong>\n<ul class=\"wp-block-list\">\n<li>Gestion des Entr\u00e9es et Sorties de v\u00e9hicules par mission, par destination, par affectation<\/li>\n\n\n\n<li>Gestion des indicateurs par sorti (kilom\u00e9trage, Carburant, \u2026)<\/li>\n\n\n\n<li>Gestion des entr\u00e9es en stock des pi\u00e8ces et des consommables<\/li>\n\n\n\n<li>\u2026<\/li>\n<\/ul>\n<\/li>\n\n\n\n<li><strong>Etats et Rappels<\/strong>\n<ul class=\"wp-block-list\">\n<li>Rappels des indicateurs de suivi (Ech\u00e9ances d\u2019entretien, de visites techniques, \u2026)<\/li>\n\n\n\n<li>Statistique des pannes par v\u00e9hicule, par affectation, par responsable<\/li>\n\n\n\n<li>Etat des interventions (carburant, huiles, visites, r\u00e9parations\u2026) par v\u00e9hicule, par affectation, par responsable<\/li>\n\n\n\n<li>Etat Globale des d\u00e9penses par v\u00e9hicule, par affectation, par responsable<\/li>\n\n\n\n<li>Tableaux crois\u00e9s<\/li>\n\n\n\n<li>&#8230;<\/li>\n<\/ul>\n<\/li>\n\n\n\n<li><strong>Outils de maintenance<\/strong><\/li>\n<\/ul>\n\n\n\n<p>V\u00e9rification des donn\u00e9es, Sauvegarde &amp; restauration des donn\u00e9es<\/p>\n","protected":false},"excerpt":{"rendered":"<p>Gestion et Suivi de Parc V\u00e9hicule V\u00e9hicules, Personnels, Missions, Frais, Entretien Pr\u00e9ventif et Curatif, &#8230; Gestion de tout type de v\u00e9hicules, Gestion des employ\u00e9s, des Missions et des Frais. Gestion des Entretiens Pr\u00e9ventifs et Curatifs., Alertes, &#8230; Les principales fonctionnalit\u00e9s V\u00e9rification des donn\u00e9es, Sauvegarde &amp; restauration des donn\u00e9es<\/p>\n","protected":false},"author":1,"featured_media":0,"parent":0,"menu_order":0,"comment_status":"closed","ping_status":"closed","template":"","meta":{"footnotes":""},"class_list":["post-52","page","type-page","status-publish","hentry"],"jetpack_sharing_enabled":true,"_links":{"self":[{"href":"https:\/\/isolutions-tn.com\/index.php\/wp-json\/wp\/v2\/pages\/52","targetHints":{"allow":["GET"]}}],"collection":[{"href":"https:\/\/isolutions-tn.com\/index.php\/wp-json\/wp\/v2\/pages"}],"about":[{"href":"https:\/\/isolutions-tn.com\/index.php\/wp-json\/wp\/v2\/types\/page"}],"author":[{"embeddable":true,"href":"https:\/\/isolutions-tn.com\/index.php\/wp-json\/wp\/v2\/users\/1"}],"replies":[{"embeddable":true,"href":"https:\/\/isolutions-tn.com\/index.php\/wp-json\/wp\/v2\/comments?post=52"}],"version-history":[{"count":2,"href":"https:\/\/isolutions-tn.com\/index.php\/wp-json\/wp\/v2\/pages\/52\/revisions"}],"predecessor-version":[{"id":478,"href":"https:\/\/isolutions-tn.com\/index.php\/wp-json\/wp\/v2\/pages\/52\/revisions\/478"}],"wp:attachment":[{"href":"https:\/\/isolutions-tn.com\/index.php\/wp-json\/wp\/v2\/media?parent=52"}],"curies":[{"name":"wp","href":"https:\/\/api.w.org\/{rel}","templated":true}]}}