{"id":548,"date":"2025-05-24T23:05:46","date_gmt":"2025-05-24T23:05:46","guid":{"rendered":"https:\/\/isolutions-tn.com\/?page_id=548"},"modified":"2025-05-24T23:05:47","modified_gmt":"2025-05-24T23:05:47","slug":"abonnements","status":"publish","type":"page","link":"https:\/\/isolutions-tn.com\/index.php\/abonnements\/","title":{"rendered":"Abonnements"},"content":{"rendered":"\n<p>Pour vous abonner \u00e0 nos produits en ligne, veuillez remplir le formulaire et choisir la formule d&rsquo;abonnement.<\/p>\n\n\n\n<figure class=\"wp-block-image size-full\"><img fetchpriority=\"high\" decoding=\"async\" width=\"1880\" height=\"1012\" src=\"https:\/\/isolutions-tn.com\/wp-content\/uploads\/2025\/05\/pexels-photo-109371.jpeg\" alt=\"gray laptop computer\" class=\"wp-image-551\" srcset=\"https:\/\/isolutions-tn.com\/wp-content\/uploads\/2025\/05\/pexels-photo-109371.jpeg 1880w, https:\/\/isolutions-tn.com\/wp-content\/uploads\/2025\/05\/pexels-photo-109371-300x161.jpeg 300w, https:\/\/isolutions-tn.com\/wp-content\/uploads\/2025\/05\/pexels-photo-109371-1024x551.jpeg 1024w, https:\/\/isolutions-tn.com\/wp-content\/uploads\/2025\/05\/pexels-photo-109371-768x413.jpeg 768w, https:\/\/isolutions-tn.com\/wp-content\/uploads\/2025\/05\/pexels-photo-109371-1536x827.jpeg 1536w, https:\/\/isolutions-tn.com\/wp-content\/uploads\/2025\/05\/pexels-photo-109371-1320x711.jpeg 1320w\" sizes=\"(max-width: 1880px) 100vw, 1880px\" \/><\/figure>\n\n\n\n<p>Abonnement disponibles : <\/p>\n\n\n\n<p><strong>WebDecMens <\/strong>: D\u00e9claration mensuelle en ligne<\/p>\n\n\n\n<p><strong>WebCom <\/strong>: Facturation en ligne<\/p>\n\n\n\n<p><strong>WebInventaire <\/strong>: Inventaire en ligne<\/p>\n\n\n\n<p><strong>WebRec <\/strong>: Recouvrement de cr\u00e9ance en ligne<\/p>\n\n\n\n<p><strong>WebEnqu\u00eate<\/strong> : Gestion des enqu\u00eates en ligne<\/p>\n\n\n\n<p><\/p>\n","protected":false},"excerpt":{"rendered":"<p>Pour vous abonner \u00e0 nos produits en ligne, veuillez remplir le formulaire et choisir la formule d&rsquo;abonnement. Abonnement disponibles : WebDecMens : D\u00e9claration mensuelle en ligne WebCom : Facturation en ligne WebInventaire : Inventaire en ligne WebRec : Recouvrement de cr\u00e9ance en ligne WebEnqu\u00eate : Gestion des enqu\u00eates en ligne<\/p>\n","protected":false},"author":1,"featured_media":0,"parent":0,"menu_order":0,"comment_status":"closed","ping_status":"closed","template":"","meta":{"footnotes":""},"class_list":["post-548","page","type-page","status-publish","hentry"],"jetpack_sharing_enabled":true,"_links":{"self":[{"href":"https:\/\/isolutions-tn.com\/index.php\/wp-json\/wp\/v2\/pages\/548","targetHints":{"allow":["GET"]}}],"collection":[{"href":"https:\/\/isolutions-tn.com\/index.php\/wp-json\/wp\/v2\/pages"}],"about":[{"href":"https:\/\/isolutions-tn.com\/index.php\/wp-json\/wp\/v2\/types\/page"}],"author":[{"embeddable":true,"href":"https:\/\/isolutions-tn.com\/index.php\/wp-json\/wp\/v2\/users\/1"}],"replies":[{"embeddable":true,"href":"https:\/\/isolutions-tn.com\/index.php\/wp-json\/wp\/v2\/comments?post=548"}],"version-history":[{"count":1,"href":"https:\/\/isolutions-tn.com\/index.php\/wp-json\/wp\/v2\/pages\/548\/revisions"}],"predecessor-version":[{"id":552,"href":"https:\/\/isolutions-tn.com\/index.php\/wp-json\/wp\/v2\/pages\/548\/revisions\/552"}],"wp:attachment":[{"href":"https:\/\/isolutions-tn.com\/index.php\/wp-json\/wp\/v2\/media?parent=548"}],"curies":[{"name":"wp","href":"https:\/\/api.w.org\/{rel}","templated":true}]}}