{"id":580,"date":"2025-06-10T18:41:51","date_gmt":"2025-06-10T18:41:51","guid":{"rendered":"https:\/\/isolutions-tn.com\/?page_id=580"},"modified":"2025-06-10T18:44:56","modified_gmt":"2025-06-10T18:44:56","slug":"a-propos","status":"publish","type":"page","link":"https:\/\/isolutions-tn.com\/index.php\/a-propos\/","title":{"rendered":"\u00e0 propos"},"content":{"rendered":"\n<p>Pr\u00e9sentation du Bureau Isolutions<\/p>\n\n\n\n<p>de Services et d&rsquo;Ing\u00e9nierie Informatique<\/p>\n\n\n\n<p>Le Bureau iSolutions est un bureau sp\u00e9cialis\u00e9 dans l&rsquo;ing\u00e9nierie informatique. En activit\u00e9 depuis plus de Quinze&nbsp; ann\u00e9es, le bureau iSolutions est devenu \u00e9diteur de logiciels de gestion, comptant en son actif une panoplie de logiciels \u00e9volu\u00e9s, simples et efficaces qui couvrent la quasi-totalit\u00e9 des domaines de gestion (Comptabilit\u00e9, Budget, Tr\u00e9sorerie, Paie, Personnel, Commercial,&nbsp; Recouvrement des cr\u00e9ances, Bureau d&rsquo;ordre, Messagerie, GMAO, GPAO, \u2026).<\/p>\n\n\n\n<figure class=\"wp-block-gallery has-nested-images columns-default is-cropped wp-block-gallery-1 is-layout-flex wp-block-gallery-is-layout-flex\"><\/figure>\n\n\n\n<figure class=\"wp-block-video\"><video height=\"800\" style=\"aspect-ratio: 800 \/ 800;\" width=\"800\" controls src=\"https:\/\/isolutions-tn.com\/wp-content\/uploads\/2025\/06\/Logiciels-de-Gestion.mp4\"><\/video><\/figure>\n\n\n\n<p>Le bureau iSolutions est compos\u00e9 d&rsquo;un groupe de jeunes concepteurs et d\u00e9veloppeurs anim\u00e9s par une volont\u00e9 de cr\u00e9ativit\u00e9 et d&rsquo;innovation. Cette \u00e9quipe est conseill\u00e9e et accompagn\u00e9e par un ensemble de collaborateurs de tout les domaines (Gestionnaires, Ing\u00e9nieurs, Experts, Financiers, \u2026) lui permettant ainsi de proposer des produits complets, pertinents et simples d&rsquo;utilisation.<\/p>\n\n\n\n<p>Le principal atout de notre bureau est l&rsquo;accompagnement de nos clients dans l&rsquo;implantation de leurs syst\u00e8mes d&rsquo;information, l&rsquo;\u00e9coute des utilisateurs, et la recherche constante d&rsquo;am\u00e9liorations et d&rsquo;\u00e9volution. Ainsi notre bureau a acquis une exp\u00e9rience jeune mais riche de part les divers domaines touch\u00e9s.<\/p>\n\n\n\n<p>Outre les produits standards d\u00e9velopp\u00e9s (Comptabilit\u00e9, Paie, Commercial, \u2026), notre bureau s&rsquo;est investi dans la mise en place de syst\u00e8mes d&rsquo;informations et dans la conception de produits sp\u00e9cifiques.<\/p>\n\n\n\n<p>Parmi nos r\u00e9f\u00e9rences :&nbsp;<\/p>\n\n\n\n<ul class=\"wp-block-list\">\n<li>La conception et le d\u00e9veloppement d\u2019un progiciel de <strong>gestion et de suivi de Recouvrement des cr\u00e9ances<\/strong> <strong>WinRecouvrement<\/strong> pour le compte des soci\u00e9t\u00e9s de recouvrement filiales de banques suivantes \u00a0et soci\u00e9t\u00e9s priv\u00e9es de recouvrement :<\/li>\n<\/ul>\n\n\n\n<p><strong>STB<\/strong> (<strong>STRC<\/strong> : soci\u00e9t\u00e9 tunisienne de recouvrement des cr\u00e9ances),&nbsp; <strong>B.S<\/strong> (<strong>SUD RECOUVREMENT<\/strong>), <strong>B.H<\/strong> (<strong>SGRC <\/strong>: soci\u00e9t\u00e9 g\u00e9n\u00e9rale de recouvrement des cr\u00e9ances),&nbsp; <strong>B.N.A<\/strong> (<strong>SOFINREC<\/strong> : soci\u00e9t\u00e9 financi\u00e8re de recouvrement des cr\u00e9ances), <strong>B.T.K&nbsp;&nbsp;&nbsp;&nbsp;&nbsp;&nbsp;&nbsp;&nbsp;&nbsp;&nbsp;&nbsp; ( AL ISTIFA<\/strong>&nbsp;: soci\u00e9t\u00e9&nbsp; de recouvrement des cr\u00e9ances),<\/p>\n\n\n\n<p><strong>U.I.B (I.R.C<\/strong>&nbsp;: soci\u00e9t\u00e9 de recouvrement de cr\u00e9ances), <strong>B.T.E.I<\/strong> (<strong>RAPID RECOUVREMENT<\/strong>), <strong>B.T.L<\/strong> (<strong>COMARE<\/strong>) <strong>TOTAL TUNISIE<\/strong> <strong>GROUPE LOUKIL<\/strong>, <strong>LEADER RECOUVREMENT, C.R.C, GLOBAL RECOUVREMENT, MAGHREB RECOUVREMENT, TUNISIE RECOUVREMENT,&#8230;<\/strong><\/p>\n\n\n\n<ul class=\"wp-block-list\">\n<li>La conception, le d\u00e9veloppement et la mise en place d\u2019un <strong>progiciel de Gestion de Bureau d\u2019Ordre sous Windows<u> WinOffice bilingue (arabe\/latin)<\/u> \u00a0pour le compte de :l&rsquo;Institut Arabe des Droits de l\u2019Homme I.A.D.HSTRC (filiale STB) : soci\u00e9t\u00e9 tunisienne de recouvrement des cr\u00e9ancesSTB SICAR (filiale STB) \u2026<\/strong><\/li>\n<\/ul>\n\n\n\n<ul class=\"wp-block-list\">\n<li>La conception, le d\u00e9veloppement et la mise en place d\u2019un <strong>progiciel de Gestion et suivi de la maintenance assist\u00e9e par ordinateur WinGMAO pour le compte de :l\u2019H\u00f4pital Militaire de Tunis<\/strong><\/li>\n<\/ul>\n\n\n\n<ul class=\"wp-block-list\">\n<li>La conception, le d\u00e9veloppement et la mise en place d\u2019un <strong>progiciel de Gestion et suivi de la comptabilit\u00e9 analytique de :l\u2019H\u00f4pital RABTA\u00a0: Centre de Maternit\u00e9 et de N\u00e9onatalogie de Tunis<\/strong><\/li>\n<\/ul>\n\n\n\n<ul class=\"wp-block-list\">\n<li>L&rsquo;accompagnement de <strong>la soci\u00e9t\u00e9 EL KANAOUET<\/strong> dans la mise en place d&rsquo;un syst\u00e8me d&rsquo;information complet et rigoureux (r\u00e9pondant aux exigences de la certification ISO 9001), par la <strong>conception et le d\u00e9veloppement<\/strong> des progiciels de gestion <strong>sous Windows <u>en bilingue (arabe\/latin)<\/u> \u00a0<\/strong>suivant :<ul><li><strong>WinCompta<\/strong> Gestion de la comptabilit\u00e9,<\/li><\/ul><ul><li><strong>WinGcom<\/strong> Gestion Commerciale<\/li><\/ul><ul><li><strong>WinTresor<\/strong> Gestion de la Tr\u00e9sorerie<\/li><\/ul><ul><li><strong>WinAppro<\/strong> Gestion des Approvisionnements<\/li><\/ul><ul><li><strong>WinAnalytique <\/strong>Gestion de la comptabilit\u00e9 analytique<\/li><\/ul><ul><li><strong>WinBudget<\/strong> Gestion Budg\u00e9taire, <strong>WinBoard<\/strong> Tableau de Bord<\/li><\/ul><ul><li><strong>WinGPAO<\/strong> Gestion de la Production Assist\u00e9e par Ordinateur<\/li><\/ul><ul><li><strong>WinGMAO<\/strong> Gestion de la Maintenance Assist\u00e9e par Ordinateur<\/li><\/ul><ul><li><strong>WinD\u00e9clar <\/strong>\u00a0\u00a0\u00a0\u00a0Gestion et suivi de la d\u00e9claration employeur<\/li><\/ul>\n<ul class=\"wp-block-list\">\n<li>\u2026.<\/li>\n<\/ul>\n<\/li>\n<\/ul>\n","protected":false},"excerpt":{"rendered":"<p>Pr\u00e9sentation du Bureau Isolutions de Services et d&rsquo;Ing\u00e9nierie Informatique Le Bureau iSolutions est un bureau sp\u00e9cialis\u00e9 dans l&rsquo;ing\u00e9nierie informatique. En activit\u00e9 depuis plus de Quinze&nbsp; ann\u00e9es, le bureau iSolutions est devenu \u00e9diteur de logiciels de gestion, comptant en son actif une panoplie de logiciels \u00e9volu\u00e9s, simples et efficaces qui couvrent la quasi-totalit\u00e9 des domaines de&hellip; <br \/> <a class=\"read-more\" href=\"https:\/\/isolutions-tn.com\/index.php\/a-propos\/\">Lire la suite<\/a><\/p>\n","protected":false},"author":1,"featured_media":0,"parent":0,"menu_order":0,"comment_status":"closed","ping_status":"closed","template":"","meta":{"footnotes":""},"class_list":["post-580","page","type-page","status-publish","hentry"],"jetpack_sharing_enabled":true,"_links":{"self":[{"href":"https:\/\/isolutions-tn.com\/index.php\/wp-json\/wp\/v2\/pages\/580","targetHints":{"allow":["GET"]}}],"collection":[{"href":"https:\/\/isolutions-tn.com\/index.php\/wp-json\/wp\/v2\/pages"}],"about":[{"href":"https:\/\/isolutions-tn.com\/index.php\/wp-json\/wp\/v2\/types\/page"}],"author":[{"embeddable":true,"href":"https:\/\/isolutions-tn.com\/index.php\/wp-json\/wp\/v2\/users\/1"}],"replies":[{"embeddable":true,"href":"https:\/\/isolutions-tn.com\/index.php\/wp-json\/wp\/v2\/comments?post=580"}],"version-history":[{"count":8,"href":"https:\/\/isolutions-tn.com\/index.php\/wp-json\/wp\/v2\/pages\/580\/revisions"}],"predecessor-version":[{"id":590,"href":"https:\/\/isolutions-tn.com\/index.php\/wp-json\/wp\/v2\/pages\/580\/revisions\/590"}],"wp:attachment":[{"href":"https:\/\/isolutions-tn.com\/index.php\/wp-json\/wp\/v2\/media?parent=580"}],"curies":[{"name":"wp","href":"https:\/\/api.w.org\/{rel}","templated":true}]}}